{"id":8,"date":"2022-12-02T22:14:42","date_gmt":"2022-12-02T22:14:42","guid":{"rendered":"http:\/\/aitbabors.com\/?page_id=8"},"modified":"2026-03-08T22:38:03","modified_gmt":"2026-03-08T22:38:03","slug":"accueil","status":"publish","type":"page","link":"https:\/\/aitbabors.com\/","title":{"rendered":"Accueil"},"content":{"rendered":"\t\t<div data-elementor-type=\"wp-page\" data-elementor-id=\"8\" class=\"elementor elementor-8\">\n\t\t\t\t\t\t<section class=\"elementor-section elementor-top-section elementor-element elementor-element-1b8437e elementor-section-boxed elementor-section-height-default elementor-section-height-default\" data-id=\"1b8437e\" data-element_type=\"section\" data-e-type=\"section\">\n\t\t\t\t\t\t<div class=\"elementor-container elementor-column-gap-default\">\n\t\t\t\t\t<div class=\"elementor-column elementor-col-100 elementor-top-column elementor-element elementor-element-0e6b1b3\" data-id=\"0e6b1b3\" data-element_type=\"column\" data-e-type=\"column\">\n\t\t\t<div class=\"elementor-widget-wrap elementor-element-populated\">\n\t\t\t\t\t\t<div class=\"elementor-element elementor-element-d1ef757 elementor-widget elementor-widget-image\" data-id=\"d1ef757\" data-element_type=\"widget\" data-e-type=\"widget\" data-widget_type=\"image.default\">\n\t\t\t\t<div class=\"elementor-widget-container\">\n\t\t\t\t\t\t\t\t\t\t\t\t\t\t\t<img fetchpriority=\"high\" decoding=\"async\" width=\"1024\" height=\"256\" src=\"https:\/\/aitbabors.com\/wp-content\/uploads\/2025\/03\/logo-ait-babors--1024x256.jpg\" class=\"attachment-large size-large wp-image-427\" alt=\"\" srcset=\"https:\/\/aitbabors.com\/wp-content\/uploads\/2025\/03\/logo-ait-babors--1024x256.jpg 1024w, https:\/\/aitbabors.com\/wp-content\/uploads\/2025\/03\/logo-ait-babors--300x75.jpg 300w, https:\/\/aitbabors.com\/wp-content\/uploads\/2025\/03\/logo-ait-babors--768x192.jpg 768w, https:\/\/aitbabors.com\/wp-content\/uploads\/2025\/03\/logo-ait-babors--1536x384.jpg 1536w, https:\/\/aitbabors.com\/wp-content\/uploads\/2025\/03\/logo-ait-babors-.jpg 1837w\" sizes=\"(max-width: 1024px) 100vw, 1024px\" \/>\t\t\t\t\t\t\t\t\t\t\t\t\t\t\t<\/div>\n\t\t\t\t<\/div>\n\t\t\t\t\t<\/div>\n\t\t<\/div>\n\t\t\t\t\t<\/div>\n\t\t<\/section>\n\t\t\t\t<section class=\"elementor-section elementor-top-section elementor-element elementor-element-727d5e3 elementor-section-boxed elementor-section-height-default elementor-section-height-default\" data-id=\"727d5e3\" data-element_type=\"section\" data-e-type=\"section\">\n\t\t\t\t\t\t<div class=\"elementor-container elementor-column-gap-default\">\n\t\t\t\t\t<div class=\"elementor-column elementor-col-100 elementor-top-column elementor-element elementor-element-9e9c117\" data-id=\"9e9c117\" data-element_type=\"column\" data-e-type=\"column\">\n\t\t\t<div class=\"elementor-widget-wrap elementor-element-populated\">\n\t\t\t\t\t\t<div class=\"elementor-element elementor-element-16118ed elementor-widget elementor-widget-heading\" data-id=\"16118ed\" data-element_type=\"widget\" data-e-type=\"widget\" data-widget_type=\"heading.default\">\n\t\t\t\t<div class=\"elementor-widget-container\">\n\t\t\t\t\t<h2 class=\"elementor-heading-title elementor-size-large\">L'huile d'olive alg\u00e9rienne, kabyle et d'exception<\/h2>\t\t\t\t<\/div>\n\t\t\t\t<\/div>\n\t\t\t\t\t<\/div>\n\t\t<\/div>\n\t\t\t\t\t<\/div>\n\t\t<\/section>\n\t\t\t\t<section class=\"elementor-section elementor-top-section elementor-element elementor-element-ed39915 elementor-section-boxed elementor-section-height-default elementor-section-height-default\" data-id=\"ed39915\" data-element_type=\"section\" data-e-type=\"section\">\n\t\t\t\t\t\t<div class=\"elementor-container elementor-column-gap-default\">\n\t\t\t\t\t<div class=\"elementor-column elementor-col-100 elementor-top-column elementor-element elementor-element-36486ad\" data-id=\"36486ad\" data-element_type=\"column\" data-e-type=\"column\">\n\t\t\t<div class=\"elementor-widget-wrap elementor-element-populated\">\n\t\t\t\t\t\t<div class=\"elementor-element elementor-element-2df9e48 elementor-widget__width-inherit elementor-widget elementor-widget-image\" data-id=\"2df9e48\" data-element_type=\"widget\" data-e-type=\"widget\" data-widget_type=\"image.default\">\n\t\t\t\t<div class=\"elementor-widget-container\">\n\t\t\t\t\t\t\t\t\t\t\t\t\t\t\t<img decoding=\"async\" width=\"1024\" height=\"514\" src=\"https:\/\/aitbabors.com\/wp-content\/uploads\/2022\/12\/IMG_20220301_174525-scaled-e1670059107965-1024x514.jpg\" class=\"attachment-large size-large wp-image-34\" alt=\"\" srcset=\"https:\/\/aitbabors.com\/wp-content\/uploads\/2022\/12\/IMG_20220301_174525-scaled-e1670059107965-1024x514.jpg 1024w, https:\/\/aitbabors.com\/wp-content\/uploads\/2022\/12\/IMG_20220301_174525-scaled-e1670059107965-300x151.jpg 300w, https:\/\/aitbabors.com\/wp-content\/uploads\/2022\/12\/IMG_20220301_174525-scaled-e1670059107965-768x386.jpg 768w, https:\/\/aitbabors.com\/wp-content\/uploads\/2022\/12\/IMG_20220301_174525-scaled-e1670059107965-1536x772.jpg 1536w, https:\/\/aitbabors.com\/wp-content\/uploads\/2022\/12\/IMG_20220301_174525-scaled-e1670059107965-2048x1029.jpg 2048w\" sizes=\"(max-width: 1024px) 100vw, 1024px\" \/>\t\t\t\t\t\t\t\t\t\t\t\t\t\t\t<\/div>\n\t\t\t\t<\/div>\n\t\t\t\t\t<\/div>\n\t\t<\/div>\n\t\t\t\t\t<\/div>\n\t\t<\/section>\n\t\t\t\t<section class=\"elementor-section elementor-top-section elementor-element elementor-element-e2c3240 elementor-section-boxed elementor-section-height-default elementor-section-height-default\" data-id=\"e2c3240\" data-element_type=\"section\" data-e-type=\"section\">\n\t\t\t\t\t\t<div class=\"elementor-container elementor-column-gap-default\">\n\t\t\t\t\t<div class=\"elementor-column elementor-col-100 elementor-top-column elementor-element elementor-element-74e9314\" data-id=\"74e9314\" data-element_type=\"column\" data-e-type=\"column\">\n\t\t\t<div class=\"elementor-widget-wrap elementor-element-populated\">\n\t\t\t\t\t\t<section class=\"elementor-section elementor-inner-section elementor-element elementor-element-9c6f158 elementor-section-boxed elementor-section-height-default elementor-section-height-default\" data-id=\"9c6f158\" data-element_type=\"section\" data-e-type=\"section\">\n\t\t\t\t\t\t<div class=\"elementor-container elementor-column-gap-default\">\n\t\t\t\t\t<div class=\"elementor-column elementor-col-50 elementor-inner-column elementor-element elementor-element-438003e\" data-id=\"438003e\" data-element_type=\"column\" data-e-type=\"column\">\n\t\t\t<div class=\"elementor-widget-wrap elementor-element-populated\">\n\t\t\t\t\t\t<div class=\"elementor-element elementor-element-6cbd27d elementor-widget elementor-widget-heading\" data-id=\"6cbd27d\" data-element_type=\"widget\" data-e-type=\"widget\" data-widget_type=\"heading.default\">\n\t\t\t\t<div class=\"elementor-widget-container\">\n\t\t\t\t\t<h2 class=\"elementor-heading-title elementor-size-medium\"><a href=\"https:\/\/aitbabors.com\/?page_id=46\">A notre propos, vous voulez en savoir plus sur notre histoire et nos valeurs<\/a><\/h2>\t\t\t\t<\/div>\n\t\t\t\t<\/div>\n\t\t\t\t\t<\/div>\n\t\t<\/div>\n\t\t\t\t<div class=\"elementor-column elementor-col-50 elementor-inner-column elementor-element elementor-element-f4b6538\" data-id=\"f4b6538\" data-element_type=\"column\" data-e-type=\"column\">\n\t\t\t<div class=\"elementor-widget-wrap elementor-element-populated\">\n\t\t\t\t\t\t<div class=\"elementor-element elementor-element-41eeca5 elementor-widget elementor-widget-heading\" data-id=\"41eeca5\" data-element_type=\"widget\" data-e-type=\"widget\" data-widget_type=\"heading.default\">\n\t\t\t\t<div class=\"elementor-widget-container\">\n\t\t\t\t\t<h2 class=\"elementor-heading-title elementor-size-default\"><a href=\"https:\/\/aitbabors.com\/?page_id=13\">Notre terroir, la r\u00e9gion algerienne des Babors en petite Kabylie<\/a><\/h2>\t\t\t\t<\/div>\n\t\t\t\t<\/div>\n\t\t\t\t\t<\/div>\n\t\t<\/div>\n\t\t\t\t\t<\/div>\n\t\t<\/section>\n\t\t\t\t\t<\/div>\n\t\t<\/div>\n\t\t\t\t\t<\/div>\n\t\t<\/section>\n\t\t\t\t<section class=\"elementor-section elementor-top-section elementor-element elementor-element-ae2b4b6 elementor-section-boxed elementor-section-height-default elementor-section-height-default\" data-id=\"ae2b4b6\" data-element_type=\"section\" data-e-type=\"section\">\n\t\t\t\t\t\t<div class=\"elementor-container elementor-column-gap-default\">\n\t\t\t\t\t<div class=\"elementor-column elementor-col-50 elementor-top-column elementor-element elementor-element-5263900\" data-id=\"5263900\" data-element_type=\"column\" data-e-type=\"column\">\n\t\t\t<div class=\"elementor-widget-wrap elementor-element-populated\">\n\t\t\t\t\t\t<div class=\"elementor-element elementor-element-8ad3b0c elementor-widget elementor-widget-heading\" data-id=\"8ad3b0c\" data-element_type=\"widget\" data-e-type=\"widget\" data-widget_type=\"heading.default\">\n\t\t\t\t<div class=\"elementor-widget-container\">\n\t\t\t\t\t<h2 class=\"elementor-heading-title elementor-size-default\"><a href=\"https:\/\/aitbabors.com\/?page_id=15\">Vous voulez en savoir plus \u00e0 propos de nos produit de grandes qualit\u00e9s<\/a><\/h2>\t\t\t\t<\/div>\n\t\t\t\t<\/div>\n\t\t\t\t\t<\/div>\n\t\t<\/div>\n\t\t\t\t<div class=\"elementor-column elementor-col-50 elementor-top-column elementor-element elementor-element-4d6b6eb\" data-id=\"4d6b6eb\" data-element_type=\"column\" data-e-type=\"column\">\n\t\t\t<div class=\"elementor-widget-wrap elementor-element-populated\">\n\t\t\t\t\t\t<div class=\"elementor-element elementor-element-85b5d18 elementor-widget elementor-widget-heading\" data-id=\"85b5d18\" data-element_type=\"widget\" data-e-type=\"widget\" data-widget_type=\"heading.default\">\n\t\t\t\t<div class=\"elementor-widget-container\">\n\t\t\t\t\t<h2 class=\"elementor-heading-title elementor-size-default\"><a href=\"https:\/\/aitbabors.com\/?page_id=17\">Notre E-shop et les coordonn\u00e9es des magasins partenaires<\/a><\/h2>\t\t\t\t<\/div>\n\t\t\t\t<\/div>\n\t\t\t\t\t<\/div>\n\t\t<\/div>\n\t\t\t\t\t<\/div>\n\t\t<\/section>\n\t\t\t\t<section class=\"elementor-section elementor-top-section elementor-element elementor-element-b341a4e elementor-section-boxed elementor-section-height-default elementor-section-height-default\" data-id=\"b341a4e\" data-element_type=\"section\" data-e-type=\"section\">\n\t\t\t\t\t\t<div class=\"elementor-container elementor-column-gap-default\">\n\t\t\t\t\t<div class=\"elementor-column elementor-col-100 elementor-top-column elementor-element elementor-element-d082fa0\" data-id=\"d082fa0\" data-element_type=\"column\" data-e-type=\"column\">\n\t\t\t<div class=\"elementor-widget-wrap elementor-element-populated\">\n\t\t\t\t\t\t<div class=\"elementor-element elementor-element-43ba33a elementor-view-default elementor-widget elementor-widget-icon\" data-id=\"43ba33a\" data-element_type=\"widget\" data-e-type=\"widget\" data-widget_type=\"icon.default\">\n\t\t\t\t<div class=\"elementor-widget-container\">\n\t\t\t\t\t\t\t<div class=\"elementor-icon-wrapper\">\n\t\t\t<div class=\"elementor-icon\">\n\t\t\t<i aria-hidden=\"true\" class=\"far fa-envelope\"><\/i>\t\t\t<\/div>\n\t\t<\/div>\n\t\t\t\t\t\t<\/div>\n\t\t\t\t<\/div>\n\t\t\t\t<div class=\"elementor-element elementor-element-1faf5ff elementor-widget elementor-widget-heading\" data-id=\"1faf5ff\" data-element_type=\"widget\" data-e-type=\"widget\" data-widget_type=\"heading.default\">\n\t\t\t\t<div class=\"elementor-widget-container\">\n\t\t\t\t\t<h2 class=\"elementor-heading-title elementor-size-default\">contact@aitbabors.com<\/h2>\t\t\t\t<\/div>\n\t\t\t\t<\/div>\n\t\t\t\t\t<\/div>\n\t\t<\/div>\n\t\t\t\t\t<\/div>\n\t\t<\/section>\n\t\t\t\t<section class=\"elementor-section elementor-top-section elementor-element elementor-element-3ae8ac7 elementor-section-boxed elementor-section-height-default elementor-section-height-default\" data-id=\"3ae8ac7\" data-element_type=\"section\" data-e-type=\"section\">\n\t\t\t\t\t\t<div class=\"elementor-container elementor-column-gap-default\">\n\t\t\t\t\t<div class=\"elementor-column elementor-col-100 elementor-top-column elementor-element elementor-element-70e646c\" data-id=\"70e646c\" data-element_type=\"column\" data-e-type=\"column\">\n\t\t\t<div class=\"elementor-widget-wrap elementor-element-populated\">\n\t\t\t\t\t\t<div class=\"elementor-element elementor-element-9402a5b elementor-view-default elementor-widget elementor-widget-icon\" data-id=\"9402a5b\" data-element_type=\"widget\" data-e-type=\"widget\" data-widget_type=\"icon.default\">\n\t\t\t\t<div class=\"elementor-widget-container\">\n\t\t\t\t\t\t\t<div class=\"elementor-icon-wrapper\">\n\t\t\t<div class=\"elementor-icon\">\n\t\t\t<i aria-hidden=\"true\" class=\"fas fa-phone\"><\/i>\t\t\t<\/div>\n\t\t<\/div>\n\t\t\t\t\t\t<\/div>\n\t\t\t\t<\/div>\n\t\t\t\t<div class=\"elementor-element elementor-element-1bdf854 elementor-widget elementor-widget-heading\" data-id=\"1bdf854\" data-element_type=\"widget\" data-e-type=\"widget\" data-widget_type=\"heading.default\">\n\t\t\t\t<div class=\"elementor-widget-container\">\n\t\t\t\t\t<h2 class=\"elementor-heading-title elementor-size-default\">01 84 80 62 72<\/h2>\t\t\t\t<\/div>\n\t\t\t\t<\/div>\n\t\t\t\t\t<\/div>\n\t\t<\/div>\n\t\t\t\t\t<\/div>\n\t\t<\/section>\n\t\t\t\t<\/div>\n\t\t","protected":false},"excerpt":{"rendered":"<p>L&rsquo;huile d&rsquo;olive alg\u00e9rienne, kabyle et d&rsquo;exception A notre propos, vous voulez en savoir plus sur notre histoire et nos valeurs Notre terroir, la r\u00e9gion algerienne des Babors en petite Kabylie Vous voulez en savoir plus \u00e0 propos de nos produit de grandes qualit\u00e9s Notre E-shop et les coordonn\u00e9es des magasins partenaires contact@aitbabors.com 01 84 80 [&hellip;]<\/p>\n","protected":false},"author":1,"featured_media":0,"parent":0,"menu_order":0,"comment_status":"closed","ping_status":"closed","template":"","meta":{"footnotes":""},"class_list":["post-8","page","type-page","status-publish","hentry","entry"],"yoast_head":"<!-- This site is optimized with the Yoast SEO plugin v27.3 - https:\/\/yoast.com\/product\/yoast-seo-wordpress\/ -->\n<title>Accueil - aitbabors.com<\/title>\n<meta name=\"robots\" content=\"index, follow, max-snippet:-1, max-image-preview:large, max-video-preview:-1\" \/>\n<link rel=\"canonical\" href=\"https:\/\/aitbabors.com\/\" \/>\n<meta property=\"og:locale\" content=\"fr_FR\" \/>\n<meta property=\"og:type\" content=\"article\" \/>\n<meta property=\"og:title\" content=\"Accueil - aitbabors.com\" \/>\n<meta property=\"og:description\" content=\"L&rsquo;huile d&rsquo;olive alg\u00e9rienne, kabyle et d&rsquo;exception A notre propos, vous voulez en savoir plus sur notre histoire et nos valeurs Notre terroir, la r\u00e9gion algerienne des Babors en petite Kabylie Vous voulez en savoir plus \u00e0 propos de nos produit de grandes qualit\u00e9s Notre E-shop et les coordonn\u00e9es des magasins partenaires contact@aitbabors.com 01 84 80 [&hellip;]\" \/>\n<meta property=\"og:url\" content=\"https:\/\/aitbabors.com\/\" \/>\n<meta property=\"og:site_name\" content=\"aitbabors.com\" \/>\n<meta property=\"article:modified_time\" content=\"2026-03-08T22:38:03+00:00\" \/>\n<meta property=\"og:image\" content=\"http:\/\/aitbabors.com\/wp-content\/uploads\/2025\/03\/logo-ait-babors--1024x256.jpg\" \/>\n<meta name=\"twitter:card\" content=\"summary_large_image\" \/>\n<meta name=\"twitter:label1\" content=\"Dur\u00e9e de lecture estim\u00e9e\" \/>\n\t<meta name=\"twitter:data1\" content=\"1 minute\" \/>\n<script type=\"application\/ld+json\" class=\"yoast-schema-graph\">{\"@context\":\"https:\\\/\\\/schema.org\",\"@graph\":[{\"@type\":\"WebPage\",\"@id\":\"https:\\\/\\\/aitbabors.com\\\/\",\"url\":\"https:\\\/\\\/aitbabors.com\\\/\",\"name\":\"Accueil - aitbabors.com\",\"isPartOf\":{\"@id\":\"https:\\\/\\\/aitbabors.com\\\/#website\"},\"primaryImageOfPage\":{\"@id\":\"https:\\\/\\\/aitbabors.com\\\/#primaryimage\"},\"image\":{\"@id\":\"https:\\\/\\\/aitbabors.com\\\/#primaryimage\"},\"thumbnailUrl\":\"http:\\\/\\\/aitbabors.com\\\/wp-content\\\/uploads\\\/2025\\\/03\\\/logo-ait-babors--1024x256.jpg\",\"datePublished\":\"2022-12-02T22:14:42+00:00\",\"dateModified\":\"2026-03-08T22:38:03+00:00\",\"breadcrumb\":{\"@id\":\"https:\\\/\\\/aitbabors.com\\\/#breadcrumb\"},\"inLanguage\":\"fr-FR\",\"potentialAction\":[{\"@type\":\"ReadAction\",\"target\":[\"https:\\\/\\\/aitbabors.com\\\/\"]}]},{\"@type\":\"ImageObject\",\"inLanguage\":\"fr-FR\",\"@id\":\"https:\\\/\\\/aitbabors.com\\\/#primaryimage\",\"url\":\"https:\\\/\\\/aitbabors.com\\\/wp-content\\\/uploads\\\/2025\\\/03\\\/logo-ait-babors-.jpg\",\"contentUrl\":\"https:\\\/\\\/aitbabors.com\\\/wp-content\\\/uploads\\\/2025\\\/03\\\/logo-ait-babors-.jpg\",\"width\":1837,\"height\":459},{\"@type\":\"BreadcrumbList\",\"@id\":\"https:\\\/\\\/aitbabors.com\\\/#breadcrumb\",\"itemListElement\":[{\"@type\":\"ListItem\",\"position\":1,\"name\":\"Home\",\"item\":\"https:\\\/\\\/aitbabors.com\\\/\"},{\"@type\":\"ListItem\",\"position\":2,\"name\":\"Accueil\"}]},{\"@type\":\"WebSite\",\"@id\":\"https:\\\/\\\/aitbabors.com\\\/#website\",\"url\":\"https:\\\/\\\/aitbabors.com\\\/\",\"name\":\"aitbabors.com\",\"description\":\"L&#039;huile d&#039;olive alg\u00e9rienne, kabyle et d&#039;exception\",\"publisher\":{\"@id\":\"https:\\\/\\\/aitbabors.com\\\/#organization\"},\"potentialAction\":[{\"@type\":\"SearchAction\",\"target\":{\"@type\":\"EntryPoint\",\"urlTemplate\":\"https:\\\/\\\/aitbabors.com\\\/?s={search_term_string}\"},\"query-input\":{\"@type\":\"PropertyValueSpecification\",\"valueRequired\":true,\"valueName\":\"search_term_string\"}}],\"inLanguage\":\"fr-FR\"},{\"@type\":\"Organization\",\"@id\":\"https:\\\/\\\/aitbabors.com\\\/#organization\",\"name\":\"aitbabors.com\",\"url\":\"https:\\\/\\\/aitbabors.com\\\/\",\"logo\":{\"@type\":\"ImageObject\",\"inLanguage\":\"fr-FR\",\"@id\":\"https:\\\/\\\/aitbabors.com\\\/#\\\/schema\\\/logo\\\/image\\\/\",\"url\":\"https:\\\/\\\/aitbabors.com\\\/wp-content\\\/uploads\\\/2022\\\/12\\\/logo-ait-babors-1-e1670021020616.png\",\"contentUrl\":\"https:\\\/\\\/aitbabors.com\\\/wp-content\\\/uploads\\\/2022\\\/12\\\/logo-ait-babors-1-e1670021020616.png\",\"width\":147,\"height\":37,\"caption\":\"aitbabors.com\"},\"image\":{\"@id\":\"https:\\\/\\\/aitbabors.com\\\/#\\\/schema\\\/logo\\\/image\\\/\"}}]}<\/script>\n<!-- \/ Yoast SEO plugin. -->","yoast_head_json":{"title":"Accueil - aitbabors.com","robots":{"index":"index","follow":"follow","max-snippet":"max-snippet:-1","max-image-preview":"max-image-preview:large","max-video-preview":"max-video-preview:-1"},"canonical":"https:\/\/aitbabors.com\/","og_locale":"fr_FR","og_type":"article","og_title":"Accueil - aitbabors.com","og_description":"L&rsquo;huile d&rsquo;olive alg\u00e9rienne, kabyle et d&rsquo;exception A notre propos, vous voulez en savoir plus sur notre histoire et nos valeurs Notre terroir, la r\u00e9gion algerienne des Babors en petite Kabylie Vous voulez en savoir plus \u00e0 propos de nos produit de grandes qualit\u00e9s Notre E-shop et les coordonn\u00e9es des magasins partenaires contact@aitbabors.com 01 84 80 [&hellip;]","og_url":"https:\/\/aitbabors.com\/","og_site_name":"aitbabors.com","article_modified_time":"2026-03-08T22:38:03+00:00","og_image":[{"url":"http:\/\/aitbabors.com\/wp-content\/uploads\/2025\/03\/logo-ait-babors--1024x256.jpg","type":"","width":"","height":""}],"twitter_card":"summary_large_image","twitter_misc":{"Dur\u00e9e de lecture estim\u00e9e":"1 minute"},"schema":{"@context":"https:\/\/schema.org","@graph":[{"@type":"WebPage","@id":"https:\/\/aitbabors.com\/","url":"https:\/\/aitbabors.com\/","name":"Accueil - aitbabors.com","isPartOf":{"@id":"https:\/\/aitbabors.com\/#website"},"primaryImageOfPage":{"@id":"https:\/\/aitbabors.com\/#primaryimage"},"image":{"@id":"https:\/\/aitbabors.com\/#primaryimage"},"thumbnailUrl":"http:\/\/aitbabors.com\/wp-content\/uploads\/2025\/03\/logo-ait-babors--1024x256.jpg","datePublished":"2022-12-02T22:14:42+00:00","dateModified":"2026-03-08T22:38:03+00:00","breadcrumb":{"@id":"https:\/\/aitbabors.com\/#breadcrumb"},"inLanguage":"fr-FR","potentialAction":[{"@type":"ReadAction","target":["https:\/\/aitbabors.com\/"]}]},{"@type":"ImageObject","inLanguage":"fr-FR","@id":"https:\/\/aitbabors.com\/#primaryimage","url":"https:\/\/aitbabors.com\/wp-content\/uploads\/2025\/03\/logo-ait-babors-.jpg","contentUrl":"https:\/\/aitbabors.com\/wp-content\/uploads\/2025\/03\/logo-ait-babors-.jpg","width":1837,"height":459},{"@type":"BreadcrumbList","@id":"https:\/\/aitbabors.com\/#breadcrumb","itemListElement":[{"@type":"ListItem","position":1,"name":"Home","item":"https:\/\/aitbabors.com\/"},{"@type":"ListItem","position":2,"name":"Accueil"}]},{"@type":"WebSite","@id":"https:\/\/aitbabors.com\/#website","url":"https:\/\/aitbabors.com\/","name":"aitbabors.com","description":"L&#039;huile d&#039;olive alg\u00e9rienne, kabyle et d&#039;exception","publisher":{"@id":"https:\/\/aitbabors.com\/#organization"},"potentialAction":[{"@type":"SearchAction","target":{"@type":"EntryPoint","urlTemplate":"https:\/\/aitbabors.com\/?s={search_term_string}"},"query-input":{"@type":"PropertyValueSpecification","valueRequired":true,"valueName":"search_term_string"}}],"inLanguage":"fr-FR"},{"@type":"Organization","@id":"https:\/\/aitbabors.com\/#organization","name":"aitbabors.com","url":"https:\/\/aitbabors.com\/","logo":{"@type":"ImageObject","inLanguage":"fr-FR","@id":"https:\/\/aitbabors.com\/#\/schema\/logo\/image\/","url":"https:\/\/aitbabors.com\/wp-content\/uploads\/2022\/12\/logo-ait-babors-1-e1670021020616.png","contentUrl":"https:\/\/aitbabors.com\/wp-content\/uploads\/2022\/12\/logo-ait-babors-1-e1670021020616.png","width":147,"height":37,"caption":"aitbabors.com"},"image":{"@id":"https:\/\/aitbabors.com\/#\/schema\/logo\/image\/"}}]}},"_links":{"self":[{"href":"https:\/\/aitbabors.com\/index.php?rest_route=\/wp\/v2\/pages\/8","targetHints":{"allow":["GET"]}}],"collection":[{"href":"https:\/\/aitbabors.com\/index.php?rest_route=\/wp\/v2\/pages"}],"about":[{"href":"https:\/\/aitbabors.com\/index.php?rest_route=\/wp\/v2\/types\/page"}],"author":[{"embeddable":true,"href":"https:\/\/aitbabors.com\/index.php?rest_route=\/wp\/v2\/users\/1"}],"replies":[{"embeddable":true,"href":"https:\/\/aitbabors.com\/index.php?rest_route=%2Fwp%2Fv2%2Fcomments&post=8"}],"version-history":[{"count":77,"href":"https:\/\/aitbabors.com\/index.php?rest_route=\/wp\/v2\/pages\/8\/revisions"}],"predecessor-version":[{"id":461,"href":"https:\/\/aitbabors.com\/index.php?rest_route=\/wp\/v2\/pages\/8\/revisions\/461"}],"wp:attachment":[{"href":"https:\/\/aitbabors.com\/index.php?rest_route=%2Fwp%2Fv2%2Fmedia&parent=8"}],"curies":[{"name":"wp","href":"https:\/\/api.w.org\/{rel}","templated":true}]}}