{"id":46,"date":"2022-12-03T14:54:04","date_gmt":"2022-12-03T14:54:04","guid":{"rendered":"http:\/\/aitbabors.com\/?page_id=46"},"modified":"2025-03-11T16:20:22","modified_gmt":"2025-03-11T16:20:22","slug":"a-notre-propos","status":"publish","type":"page","link":"https:\/\/aitbabors.com\/?page_id=46","title":{"rendered":"A notre propos"},"content":{"rendered":"\t\t<div data-elementor-type=\"wp-page\" data-elementor-id=\"46\" class=\"elementor elementor-46\">\n\t\t\t\t\t\t<section class=\"elementor-section elementor-top-section elementor-element elementor-element-18e56fa elementor-section-boxed elementor-section-height-default elementor-section-height-default\" data-id=\"18e56fa\" data-element_type=\"section\" data-e-type=\"section\">\n\t\t\t\t\t\t<div class=\"elementor-container elementor-column-gap-default\">\n\t\t\t\t\t<div class=\"elementor-column elementor-col-50 elementor-top-column elementor-element elementor-element-224c8d6\" data-id=\"224c8d6\" data-element_type=\"column\" data-e-type=\"column\">\n\t\t\t<div class=\"elementor-widget-wrap elementor-element-populated\">\n\t\t\t\t\t\t<div class=\"elementor-element elementor-element-cda5d3f elementor-widget elementor-widget-spacer\" data-id=\"cda5d3f\" data-element_type=\"widget\" data-e-type=\"widget\" data-widget_type=\"spacer.default\">\n\t\t\t\t<div class=\"elementor-widget-container\">\n\t\t\t\t\t\t\t<div class=\"elementor-spacer\">\n\t\t\t<div class=\"elementor-spacer-inner\"><\/div>\n\t\t<\/div>\n\t\t\t\t\t\t<\/div>\n\t\t\t\t<\/div>\n\t\t\t\t<div class=\"elementor-element elementor-element-697fa30 elementor-widget elementor-widget-image\" data-id=\"697fa30\" data-element_type=\"widget\" data-e-type=\"widget\" data-widget_type=\"image.default\">\n\t\t\t\t<div class=\"elementor-widget-container\">\n\t\t\t\t\t\t\t\t\t\t\t\t\t\t\t<img fetchpriority=\"high\" decoding=\"async\" width=\"1024\" height=\"256\" src=\"https:\/\/aitbabors.com\/wp-content\/uploads\/2025\/03\/logo-ait-babors--1024x256.jpg\" class=\"attachment-large size-large wp-image-427\" alt=\"\" srcset=\"https:\/\/aitbabors.com\/wp-content\/uploads\/2025\/03\/logo-ait-babors--1024x256.jpg 1024w, https:\/\/aitbabors.com\/wp-content\/uploads\/2025\/03\/logo-ait-babors--300x75.jpg 300w, https:\/\/aitbabors.com\/wp-content\/uploads\/2025\/03\/logo-ait-babors--768x192.jpg 768w, https:\/\/aitbabors.com\/wp-content\/uploads\/2025\/03\/logo-ait-babors--1536x384.jpg 1536w, https:\/\/aitbabors.com\/wp-content\/uploads\/2025\/03\/logo-ait-babors-.jpg 1837w\" sizes=\"(max-width: 1024px) 100vw, 1024px\" \/>\t\t\t\t\t\t\t\t\t\t\t\t\t\t\t<\/div>\n\t\t\t\t<\/div>\n\t\t\t\t\t<\/div>\n\t\t<\/div>\n\t\t\t\t<div class=\"elementor-column elementor-col-50 elementor-top-column elementor-element elementor-element-20e98b1\" data-id=\"20e98b1\" data-element_type=\"column\" data-e-type=\"column\">\n\t\t\t<div class=\"elementor-widget-wrap elementor-element-populated\">\n\t\t\t\t\t\t<div class=\"elementor-element elementor-element-eb10d6a elementor-widget elementor-widget-text-editor\" data-id=\"eb10d6a\" data-element_type=\"widget\" data-e-type=\"widget\" data-widget_type=\"text-editor.default\">\n\t\t\t\t<div class=\"elementor-widget-container\">\n\t\t\t\t\t\t\t\t\t<p><strong>Pr\u00e9sentation<\/strong><\/p><p>Ait Babors vous propose de l\u2019huile d\u2019olive kabyle extra vierge organique au gout typique des olives chemlal entre autres produits de qualit\u00e9s\u00a0 provenant des belles montagnes kabyles de la r\u00e9gion des Babors en Alg\u00e9rie .Ce terroir regorge de produits remarquables connue et reconnue des initi\u00e9s, nous voulons en faire profiter le plus grand nombre.<\/p><p>En plus de leurs qualit\u00e9s gustatives nos produits sont cultiv\u00e9s de mani\u00e8re traditionnelle et organique, nos producteurs partenaires sont trait\u00e9s respectueusement et nous d\u00e9veloppons avec eux des rapports \u00e9quitables, de plus nos produits respectent les normes les plus strictes.\u00a0<\/p>\t\t\t\t\t\t\t\t<\/div>\n\t\t\t\t<\/div>\n\t\t\t\t\t<\/div>\n\t\t<\/div>\n\t\t\t\t\t<\/div>\n\t\t<\/section>\n\t\t\t\t<section class=\"elementor-section elementor-top-section elementor-element elementor-element-a6eb0fd elementor-section-boxed elementor-section-height-default elementor-section-height-default\" data-id=\"a6eb0fd\" data-element_type=\"section\" data-e-type=\"section\">\n\t\t\t\t\t\t<div class=\"elementor-container elementor-column-gap-default\">\n\t\t\t\t\t<div class=\"elementor-column elementor-col-50 elementor-top-column elementor-element elementor-element-2810a9c\" data-id=\"2810a9c\" data-element_type=\"column\" data-e-type=\"column\">\n\t\t\t<div class=\"elementor-widget-wrap elementor-element-populated\">\n\t\t\t\t\t\t<div class=\"elementor-element elementor-element-fd61e56 elementor-widget elementor-widget-image\" data-id=\"fd61e56\" data-element_type=\"widget\" data-e-type=\"widget\" data-widget_type=\"image.default\">\n\t\t\t\t<div class=\"elementor-widget-container\">\n\t\t\t\t\t\t\t\t\t\t\t\t\t\t\t<img decoding=\"async\" width=\"1024\" height=\"514\" src=\"https:\/\/aitbabors.com\/wp-content\/uploads\/2022\/12\/IMG_20220301_174525-scaled-e1670059107965-1024x514.jpg\" class=\"attachment-large size-large wp-image-34\" alt=\"\" srcset=\"https:\/\/aitbabors.com\/wp-content\/uploads\/2022\/12\/IMG_20220301_174525-scaled-e1670059107965-1024x514.jpg 1024w, https:\/\/aitbabors.com\/wp-content\/uploads\/2022\/12\/IMG_20220301_174525-scaled-e1670059107965-300x151.jpg 300w, https:\/\/aitbabors.com\/wp-content\/uploads\/2022\/12\/IMG_20220301_174525-scaled-e1670059107965-768x386.jpg 768w, https:\/\/aitbabors.com\/wp-content\/uploads\/2022\/12\/IMG_20220301_174525-scaled-e1670059107965-1536x772.jpg 1536w, https:\/\/aitbabors.com\/wp-content\/uploads\/2022\/12\/IMG_20220301_174525-scaled-e1670059107965-2048x1029.jpg 2048w\" sizes=\"(max-width: 1024px) 100vw, 1024px\" \/>\t\t\t\t\t\t\t\t\t\t\t\t\t\t\t<\/div>\n\t\t\t\t<\/div>\n\t\t\t\t\t<\/div>\n\t\t<\/div>\n\t\t\t\t<div class=\"elementor-column elementor-col-50 elementor-top-column elementor-element elementor-element-47de871\" data-id=\"47de871\" data-element_type=\"column\" data-e-type=\"column\">\n\t\t\t<div class=\"elementor-widget-wrap elementor-element-populated\">\n\t\t\t\t\t\t<div class=\"elementor-element elementor-element-8341d89 elementor-widget elementor-widget-text-editor\" data-id=\"8341d89\" data-element_type=\"widget\" data-e-type=\"widget\" data-widget_type=\"text-editor.default\">\n\t\t\t\t<div class=\"elementor-widget-container\">\n\t\t\t\t\t\t\t\t\t<p><b>Histoire<\/b><\/p><p>Ait Babors c\u2019est une histoire de famille, de filiation, de tradition, de terroir et de partage. En Kabylie la famille, la terre et l\u2019huile d\u2019olive sont des\u00a0 notions li\u00e9es et primordiales, toutes les familles ont des oliviers transmis depuis des g\u00e9n\u00e9rations, tout les ans ils pressent leur huile et la partage fiers de la qualit\u00e9 de leur produit.Ait Babors c\u2019est l\u2019envie de partager aux plus grand nombres cette fiert\u00e9 familiale de la qualit\u00e9 des produits de notre terroir m\u00e9connue.\u00a0<\/p>\t\t\t\t\t\t\t\t<\/div>\n\t\t\t\t<\/div>\n\t\t\t\t\t<\/div>\n\t\t<\/div>\n\t\t\t\t\t<\/div>\n\t\t<\/section>\n\t\t\t\t<section class=\"elementor-section elementor-top-section elementor-element elementor-element-56eda9c elementor-section-boxed elementor-section-height-default elementor-section-height-default\" data-id=\"56eda9c\" data-element_type=\"section\" data-e-type=\"section\">\n\t\t\t\t\t\t<div class=\"elementor-container elementor-column-gap-default\">\n\t\t\t\t\t<div class=\"elementor-column elementor-col-50 elementor-top-column elementor-element elementor-element-d956781\" data-id=\"d956781\" data-element_type=\"column\" data-e-type=\"column\">\n\t\t\t<div class=\"elementor-widget-wrap elementor-element-populated\">\n\t\t\t\t\t\t<div class=\"elementor-element elementor-element-3eb07d3 elementor-widget elementor-widget-image\" data-id=\"3eb07d3\" data-element_type=\"widget\" data-e-type=\"widget\" data-widget_type=\"image.default\">\n\t\t\t\t<div class=\"elementor-widget-container\">\n\t\t\t\t\t\t\t\t\t\t\t\t\t\t\t<img decoding=\"async\" width=\"612\" height=\"395\" src=\"https:\/\/aitbabors.com\/wp-content\/uploads\/2022\/12\/olivier.jpg\" class=\"attachment-large size-large wp-image-185\" alt=\"\" srcset=\"https:\/\/aitbabors.com\/wp-content\/uploads\/2022\/12\/olivier.jpg 612w, https:\/\/aitbabors.com\/wp-content\/uploads\/2022\/12\/olivier-300x194.jpg 300w\" sizes=\"(max-width: 612px) 100vw, 612px\" \/>\t\t\t\t\t\t\t\t\t\t\t\t\t\t\t<\/div>\n\t\t\t\t<\/div>\n\t\t\t\t\t<\/div>\n\t\t<\/div>\n\t\t\t\t<div class=\"elementor-column elementor-col-50 elementor-top-column elementor-element elementor-element-8062bca\" data-id=\"8062bca\" data-element_type=\"column\" data-e-type=\"column\">\n\t\t\t<div class=\"elementor-widget-wrap elementor-element-populated\">\n\t\t\t\t\t\t<div class=\"elementor-element elementor-element-c6b293e elementor-widget elementor-widget-text-editor\" data-id=\"c6b293e\" data-element_type=\"widget\" data-e-type=\"widget\" data-widget_type=\"text-editor.default\">\n\t\t\t\t<div class=\"elementor-widget-container\">\n\t\t\t\t\t\t\t\t\t<p><b>Valeurs<\/b><\/p><p><span style=\"text-decoration: underline;\">Qualit\u00e9<\/span>, d\u2019un niveau sup\u00e9rieur en ne vous proposant que le meilleur.<\/p><p><span style=\"text-decoration: underline;\">Respect<\/span>,\u00a0du\u00a0produit\u00a0par\u00a0son\u00a0traitement\u00a0naturel,\u00a0des\u00a0normes\u00a0les\u00a0plus\u00a0exigeantes,\u00a0des\u00a0partenaires\u00a0dans\u00a0l\u2019\u00e9quit\u00e9\u00a0de\u00a0nos\u00a0rapports\u00a0et\u00a0du\u00a0client\u00a0par\u00a0l\u2019excellence\u00a0du\u00a0produit\u00a0propos\u00e9<\/p>\t\t\t\t\t\t\t\t<\/div>\n\t\t\t\t<\/div>\n\t\t\t\t\t<\/div>\n\t\t<\/div>\n\t\t\t\t\t<\/div>\n\t\t<\/section>\n\t\t\t\t<\/div>\n\t\t","protected":false},"excerpt":{"rendered":"<p>Pr\u00e9sentation Ait Babors vous propose de l\u2019huile d\u2019olive kabyle extra vierge organique au gout typique des olives chemlal entre autres produits de qualit\u00e9s\u00a0 provenant des belles montagnes kabyles de la r\u00e9gion des Babors en Alg\u00e9rie .Ce terroir regorge de produits remarquables connue et reconnue des initi\u00e9s, nous voulons en faire profiter le plus grand nombre. [&hellip;]<\/p>\n","protected":false},"author":1,"featured_media":0,"parent":0,"menu_order":0,"comment_status":"closed","ping_status":"closed","template":"","meta":{"footnotes":""},"class_list":["post-46","page","type-page","status-publish","hentry","entry"],"yoast_head":"<!-- This site is optimized with the Yoast SEO plugin v27.3 - https:\/\/yoast.com\/product\/yoast-seo-wordpress\/ -->\n<title>A notre propos - aitbabors.com<\/title>\n<meta name=\"robots\" content=\"index, follow, max-snippet:-1, max-image-preview:large, max-video-preview:-1\" \/>\n<link rel=\"canonical\" href=\"https:\/\/aitbabors.com\/?page_id=46\" \/>\n<meta property=\"og:locale\" content=\"fr_FR\" \/>\n<meta property=\"og:type\" content=\"article\" \/>\n<meta property=\"og:title\" content=\"A notre propos - aitbabors.com\" \/>\n<meta property=\"og:description\" content=\"Pr\u00e9sentation Ait Babors vous propose de l\u2019huile d\u2019olive kabyle extra vierge organique au gout typique des olives chemlal entre autres produits de qualit\u00e9s\u00a0 provenant des belles montagnes kabyles de la r\u00e9gion des Babors en Alg\u00e9rie .Ce terroir regorge de produits remarquables connue et reconnue des initi\u00e9s, nous voulons en faire profiter le plus grand nombre. [&hellip;]\" \/>\n<meta property=\"og:url\" content=\"https:\/\/aitbabors.com\/?page_id=46\" \/>\n<meta property=\"og:site_name\" content=\"aitbabors.com\" \/>\n<meta property=\"article:modified_time\" content=\"2025-03-11T16:20:22+00:00\" \/>\n<meta property=\"og:image\" content=\"https:\/\/aitbabors.com\/wp-content\/uploads\/2025\/03\/logo-ait-babors-.jpg\" \/>\n\t<meta property=\"og:image:width\" content=\"1837\" \/>\n\t<meta property=\"og:image:height\" content=\"459\" \/>\n\t<meta property=\"og:image:type\" content=\"image\/jpeg\" \/>\n<meta name=\"twitter:card\" content=\"summary_large_image\" \/>\n<meta name=\"twitter:label1\" content=\"Dur\u00e9e de lecture estim\u00e9e\" \/>\n\t<meta name=\"twitter:data1\" content=\"2 minutes\" \/>\n<script type=\"application\/ld+json\" class=\"yoast-schema-graph\">{\"@context\":\"https:\\\/\\\/schema.org\",\"@graph\":[{\"@type\":\"WebPage\",\"@id\":\"https:\\\/\\\/aitbabors.com\\\/?page_id=46\",\"url\":\"https:\\\/\\\/aitbabors.com\\\/?page_id=46\",\"name\":\"A notre propos - aitbabors.com\",\"isPartOf\":{\"@id\":\"https:\\\/\\\/aitbabors.com\\\/#website\"},\"primaryImageOfPage\":{\"@id\":\"https:\\\/\\\/aitbabors.com\\\/?page_id=46#primaryimage\"},\"image\":{\"@id\":\"https:\\\/\\\/aitbabors.com\\\/?page_id=46#primaryimage\"},\"thumbnailUrl\":\"http:\\\/\\\/aitbabors.com\\\/wp-content\\\/uploads\\\/2025\\\/03\\\/logo-ait-babors--1024x256.jpg\",\"datePublished\":\"2022-12-03T14:54:04+00:00\",\"dateModified\":\"2025-03-11T16:20:22+00:00\",\"breadcrumb\":{\"@id\":\"https:\\\/\\\/aitbabors.com\\\/?page_id=46#breadcrumb\"},\"inLanguage\":\"fr-FR\",\"potentialAction\":[{\"@type\":\"ReadAction\",\"target\":[\"https:\\\/\\\/aitbabors.com\\\/?page_id=46\"]}]},{\"@type\":\"ImageObject\",\"inLanguage\":\"fr-FR\",\"@id\":\"https:\\\/\\\/aitbabors.com\\\/?page_id=46#primaryimage\",\"url\":\"https:\\\/\\\/aitbabors.com\\\/wp-content\\\/uploads\\\/2025\\\/03\\\/logo-ait-babors-.jpg\",\"contentUrl\":\"https:\\\/\\\/aitbabors.com\\\/wp-content\\\/uploads\\\/2025\\\/03\\\/logo-ait-babors-.jpg\",\"width\":1837,\"height\":459},{\"@type\":\"BreadcrumbList\",\"@id\":\"https:\\\/\\\/aitbabors.com\\\/?page_id=46#breadcrumb\",\"itemListElement\":[{\"@type\":\"ListItem\",\"position\":1,\"name\":\"Home\",\"item\":\"https:\\\/\\\/aitbabors.com\\\/\"},{\"@type\":\"ListItem\",\"position\":2,\"name\":\"A notre propos\"}]},{\"@type\":\"WebSite\",\"@id\":\"https:\\\/\\\/aitbabors.com\\\/#website\",\"url\":\"https:\\\/\\\/aitbabors.com\\\/\",\"name\":\"aitbabors.com\",\"description\":\"L&#039;huile d&#039;olive alg\u00e9rienne, kabyle et d&#039;exception\",\"publisher\":{\"@id\":\"https:\\\/\\\/aitbabors.com\\\/#organization\"},\"potentialAction\":[{\"@type\":\"SearchAction\",\"target\":{\"@type\":\"EntryPoint\",\"urlTemplate\":\"https:\\\/\\\/aitbabors.com\\\/?s={search_term_string}\"},\"query-input\":{\"@type\":\"PropertyValueSpecification\",\"valueRequired\":true,\"valueName\":\"search_term_string\"}}],\"inLanguage\":\"fr-FR\"},{\"@type\":\"Organization\",\"@id\":\"https:\\\/\\\/aitbabors.com\\\/#organization\",\"name\":\"aitbabors.com\",\"url\":\"https:\\\/\\\/aitbabors.com\\\/\",\"logo\":{\"@type\":\"ImageObject\",\"inLanguage\":\"fr-FR\",\"@id\":\"https:\\\/\\\/aitbabors.com\\\/#\\\/schema\\\/logo\\\/image\\\/\",\"url\":\"https:\\\/\\\/aitbabors.com\\\/wp-content\\\/uploads\\\/2022\\\/12\\\/logo-ait-babors-1-e1670021020616.png\",\"contentUrl\":\"https:\\\/\\\/aitbabors.com\\\/wp-content\\\/uploads\\\/2022\\\/12\\\/logo-ait-babors-1-e1670021020616.png\",\"width\":147,\"height\":37,\"caption\":\"aitbabors.com\"},\"image\":{\"@id\":\"https:\\\/\\\/aitbabors.com\\\/#\\\/schema\\\/logo\\\/image\\\/\"}}]}<\/script>\n<!-- \/ Yoast SEO plugin. -->","yoast_head_json":{"title":"A notre propos - aitbabors.com","robots":{"index":"index","follow":"follow","max-snippet":"max-snippet:-1","max-image-preview":"max-image-preview:large","max-video-preview":"max-video-preview:-1"},"canonical":"https:\/\/aitbabors.com\/?page_id=46","og_locale":"fr_FR","og_type":"article","og_title":"A notre propos - aitbabors.com","og_description":"Pr\u00e9sentation Ait Babors vous propose de l\u2019huile d\u2019olive kabyle extra vierge organique au gout typique des olives chemlal entre autres produits de qualit\u00e9s\u00a0 provenant des belles montagnes kabyles de la r\u00e9gion des Babors en Alg\u00e9rie .Ce terroir regorge de produits remarquables connue et reconnue des initi\u00e9s, nous voulons en faire profiter le plus grand nombre. [&hellip;]","og_url":"https:\/\/aitbabors.com\/?page_id=46","og_site_name":"aitbabors.com","article_modified_time":"2025-03-11T16:20:22+00:00","og_image":[{"width":1837,"height":459,"url":"https:\/\/aitbabors.com\/wp-content\/uploads\/2025\/03\/logo-ait-babors-.jpg","type":"image\/jpeg"}],"twitter_card":"summary_large_image","twitter_misc":{"Dur\u00e9e de lecture estim\u00e9e":"2 minutes"},"schema":{"@context":"https:\/\/schema.org","@graph":[{"@type":"WebPage","@id":"https:\/\/aitbabors.com\/?page_id=46","url":"https:\/\/aitbabors.com\/?page_id=46","name":"A notre propos - aitbabors.com","isPartOf":{"@id":"https:\/\/aitbabors.com\/#website"},"primaryImageOfPage":{"@id":"https:\/\/aitbabors.com\/?page_id=46#primaryimage"},"image":{"@id":"https:\/\/aitbabors.com\/?page_id=46#primaryimage"},"thumbnailUrl":"http:\/\/aitbabors.com\/wp-content\/uploads\/2025\/03\/logo-ait-babors--1024x256.jpg","datePublished":"2022-12-03T14:54:04+00:00","dateModified":"2025-03-11T16:20:22+00:00","breadcrumb":{"@id":"https:\/\/aitbabors.com\/?page_id=46#breadcrumb"},"inLanguage":"fr-FR","potentialAction":[{"@type":"ReadAction","target":["https:\/\/aitbabors.com\/?page_id=46"]}]},{"@type":"ImageObject","inLanguage":"fr-FR","@id":"https:\/\/aitbabors.com\/?page_id=46#primaryimage","url":"https:\/\/aitbabors.com\/wp-content\/uploads\/2025\/03\/logo-ait-babors-.jpg","contentUrl":"https:\/\/aitbabors.com\/wp-content\/uploads\/2025\/03\/logo-ait-babors-.jpg","width":1837,"height":459},{"@type":"BreadcrumbList","@id":"https:\/\/aitbabors.com\/?page_id=46#breadcrumb","itemListElement":[{"@type":"ListItem","position":1,"name":"Home","item":"https:\/\/aitbabors.com\/"},{"@type":"ListItem","position":2,"name":"A notre propos"}]},{"@type":"WebSite","@id":"https:\/\/aitbabors.com\/#website","url":"https:\/\/aitbabors.com\/","name":"aitbabors.com","description":"L&#039;huile d&#039;olive alg\u00e9rienne, kabyle et d&#039;exception","publisher":{"@id":"https:\/\/aitbabors.com\/#organization"},"potentialAction":[{"@type":"SearchAction","target":{"@type":"EntryPoint","urlTemplate":"https:\/\/aitbabors.com\/?s={search_term_string}"},"query-input":{"@type":"PropertyValueSpecification","valueRequired":true,"valueName":"search_term_string"}}],"inLanguage":"fr-FR"},{"@type":"Organization","@id":"https:\/\/aitbabors.com\/#organization","name":"aitbabors.com","url":"https:\/\/aitbabors.com\/","logo":{"@type":"ImageObject","inLanguage":"fr-FR","@id":"https:\/\/aitbabors.com\/#\/schema\/logo\/image\/","url":"https:\/\/aitbabors.com\/wp-content\/uploads\/2022\/12\/logo-ait-babors-1-e1670021020616.png","contentUrl":"https:\/\/aitbabors.com\/wp-content\/uploads\/2022\/12\/logo-ait-babors-1-e1670021020616.png","width":147,"height":37,"caption":"aitbabors.com"},"image":{"@id":"https:\/\/aitbabors.com\/#\/schema\/logo\/image\/"}}]}},"_links":{"self":[{"href":"https:\/\/aitbabors.com\/index.php?rest_route=\/wp\/v2\/pages\/46","targetHints":{"allow":["GET"]}}],"collection":[{"href":"https:\/\/aitbabors.com\/index.php?rest_route=\/wp\/v2\/pages"}],"about":[{"href":"https:\/\/aitbabors.com\/index.php?rest_route=\/wp\/v2\/types\/page"}],"author":[{"embeddable":true,"href":"https:\/\/aitbabors.com\/index.php?rest_route=\/wp\/v2\/users\/1"}],"replies":[{"embeddable":true,"href":"https:\/\/aitbabors.com\/index.php?rest_route=%2Fwp%2Fv2%2Fcomments&post=46"}],"version-history":[{"count":40,"href":"https:\/\/aitbabors.com\/index.php?rest_route=\/wp\/v2\/pages\/46\/revisions"}],"predecessor-version":[{"id":435,"href":"https:\/\/aitbabors.com\/index.php?rest_route=\/wp\/v2\/pages\/46\/revisions\/435"}],"wp:attachment":[{"href":"https:\/\/aitbabors.com\/index.php?rest_route=%2Fwp%2Fv2%2Fmedia&parent=46"}],"curies":[{"name":"wp","href":"https:\/\/api.w.org\/{rel}","templated":true}]}}