{"id":13,"date":"2022-12-02T22:17:07","date_gmt":"2022-12-02T22:17:07","guid":{"rendered":"http:\/\/aitbabors.com\/?page_id=13"},"modified":"2024-01-23T17:47:41","modified_gmt":"2024-01-23T17:47:41","slug":"le-terroir","status":"publish","type":"page","link":"https:\/\/aitbabors.com\/?page_id=13","title":{"rendered":"Le terroir"},"content":{"rendered":"\t\t<div data-elementor-type=\"wp-page\" data-elementor-id=\"13\" class=\"elementor elementor-13\">\n\t\t\t\t\t\t<section class=\"elementor-section elementor-top-section elementor-element elementor-element-3f6ee99 elementor-section-full_width elementor-section-height-full elementor-section-items-top elementor-section-height-default\" data-id=\"3f6ee99\" data-element_type=\"section\" data-e-type=\"section\" data-settings=\"{&quot;background_background&quot;:&quot;classic&quot;}\">\n\t\t\t\t\t\t<div class=\"elementor-container elementor-column-gap-default\">\n\t\t\t\t\t<div class=\"elementor-column elementor-col-100 elementor-top-column elementor-element elementor-element-a98bf2d\" data-id=\"a98bf2d\" data-element_type=\"column\" data-e-type=\"column\">\n\t\t\t<div class=\"elementor-widget-wrap elementor-element-populated\">\n\t\t\t\t\t\t<div class=\"elementor-element elementor-element-286f5e0 elementor-widget elementor-widget-image\" data-id=\"286f5e0\" data-element_type=\"widget\" data-e-type=\"widget\" data-widget_type=\"image.default\">\n\t\t\t\t<div class=\"elementor-widget-container\">\n\t\t\t\t\t\t\t\t\t\t\t\t\t\t\t<img fetchpriority=\"high\" decoding=\"async\" width=\"768\" height=\"386\" src=\"https:\/\/aitbabors.com\/wp-content\/uploads\/2022\/12\/IMG_20220301_174525-scaled-e1670059107965-768x386.jpg\" class=\"attachment-medium_large size-medium_large wp-image-34\" alt=\"\" srcset=\"https:\/\/aitbabors.com\/wp-content\/uploads\/2022\/12\/IMG_20220301_174525-scaled-e1670059107965-768x386.jpg 768w, https:\/\/aitbabors.com\/wp-content\/uploads\/2022\/12\/IMG_20220301_174525-scaled-e1670059107965-300x151.jpg 300w, https:\/\/aitbabors.com\/wp-content\/uploads\/2022\/12\/IMG_20220301_174525-scaled-e1670059107965-1024x514.jpg 1024w, https:\/\/aitbabors.com\/wp-content\/uploads\/2022\/12\/IMG_20220301_174525-scaled-e1670059107965-1536x772.jpg 1536w, https:\/\/aitbabors.com\/wp-content\/uploads\/2022\/12\/IMG_20220301_174525-scaled-e1670059107965-2048x1029.jpg 2048w\" sizes=\"(max-width: 768px) 100vw, 768px\" \/>\t\t\t\t\t\t\t\t\t\t\t\t\t\t\t<\/div>\n\t\t\t\t<\/div>\n\t\t\t\t<div class=\"elementor-element elementor-element-f98ea04 elementor-widget elementor-widget-text-editor\" data-id=\"f98ea04\" data-element_type=\"widget\" data-e-type=\"widget\" data-widget_type=\"text-editor.default\">\n\t\t\t\t<div class=\"elementor-widget-container\">\n\t\t\t\t\t\t\t\t\t<p><strong>Les Babors sont une chaine montagneuse situ\u00e9 dans la r\u00e9gion de \u201cPetite Kabylie\u201d en Alg\u00e9rie. Le mont culminant est Djebel Babor et culmine \u00e0\u00a0 2004 m\u00e8tres, il est le symbole de la r\u00e9gion et ressemble \u00e0 un bateau retourn\u00e9 d\u2019o\u00f9 son nom Babor qui signifie bateau.<\/strong><\/p><p><strong>L\u2019arboriculture pr\u00e9cis\u00e9ment celle concernant les oliviers est une traditions vernaculaires chez les kabyles dont l\u2019huile d\u2019olive est connue et\u00a0 reconnue des initi\u00e9s pour son gout exquis et sa grande qualit\u00e9.<\/strong><\/p><p><strong>La terre et la pluviom\u00e9trie font de cette r\u00e9gion l\u2019endroit id\u00e9al pour la culture des oliviers,ils y sont d\u2019ailleurs pr\u00e9sent depuis des temps\u00a0 imm\u00e9moriaux.<\/strong><\/p><p><strong>La\u00a0vari\u00e9t\u00e9\u00a0cultiv\u00e9\u00a0est\u00a0la\u00a0Chemlal\u00a0elle\u00a0donne\u00a0un\u00a0gout\u00a0caract\u00e9ristique\u00a0\u00e0\u00a0l\u2019huile\u00a0fruit\u00e9\u00a0et\u00a0intense.<\/strong><\/p>\t\t\t\t\t\t\t\t<\/div>\n\t\t\t\t<\/div>\n\t\t\t\t\t<\/div>\n\t\t<\/div>\n\t\t\t\t\t<\/div>\n\t\t<\/section>\n\t\t\t\t<\/div>\n\t\t","protected":false},"excerpt":{"rendered":"<p>Les Babors sont une chaine montagneuse situ\u00e9 dans la r\u00e9gion de \u201cPetite Kabylie\u201d en Alg\u00e9rie. Le mont culminant est Djebel Babor et culmine \u00e0\u00a0 2004 m\u00e8tres, il est le symbole de la r\u00e9gion et ressemble \u00e0 un bateau retourn\u00e9 d\u2019o\u00f9 son nom Babor qui signifie bateau. L\u2019arboriculture pr\u00e9cis\u00e9ment celle concernant les oliviers est une traditions [&hellip;]<\/p>\n","protected":false},"author":1,"featured_media":0,"parent":0,"menu_order":0,"comment_status":"closed","ping_status":"closed","template":"","meta":{"footnotes":""},"class_list":["post-13","page","type-page","status-publish","hentry","entry"],"yoast_head":"<!-- This site is optimized with the Yoast SEO plugin v27.3 - https:\/\/yoast.com\/product\/yoast-seo-wordpress\/ -->\n<title>Le terroir - aitbabors.com<\/title>\n<meta name=\"robots\" content=\"index, follow, max-snippet:-1, max-image-preview:large, max-video-preview:-1\" \/>\n<link rel=\"canonical\" href=\"https:\/\/aitbabors.com\/?page_id=13\" \/>\n<meta property=\"og:locale\" content=\"fr_FR\" \/>\n<meta property=\"og:type\" content=\"article\" \/>\n<meta property=\"og:title\" content=\"Le terroir - aitbabors.com\" \/>\n<meta property=\"og:description\" content=\"Les Babors sont une chaine montagneuse situ\u00e9 dans la r\u00e9gion de \u201cPetite Kabylie\u201d en Alg\u00e9rie. Le mont culminant est Djebel Babor et culmine \u00e0\u00a0 2004 m\u00e8tres, il est le symbole de la r\u00e9gion et ressemble \u00e0 un bateau retourn\u00e9 d\u2019o\u00f9 son nom Babor qui signifie bateau. L\u2019arboriculture pr\u00e9cis\u00e9ment celle concernant les oliviers est une traditions [&hellip;]\" \/>\n<meta property=\"og:url\" content=\"https:\/\/aitbabors.com\/?page_id=13\" \/>\n<meta property=\"og:site_name\" content=\"aitbabors.com\" \/>\n<meta property=\"article:modified_time\" content=\"2024-01-23T17:47:41+00:00\" \/>\n<meta property=\"og:image\" content=\"http:\/\/aitbabors.com\/wp-content\/uploads\/2022\/12\/IMG_20220301_174525-scaled-e1670059107965-768x386.jpg\" \/>\n<meta name=\"twitter:card\" content=\"summary_large_image\" \/>\n<meta name=\"twitter:label1\" content=\"Dur\u00e9e de lecture estim\u00e9e\" \/>\n\t<meta name=\"twitter:data1\" content=\"1 minute\" \/>\n<script type=\"application\/ld+json\" class=\"yoast-schema-graph\">{\"@context\":\"https:\\\/\\\/schema.org\",\"@graph\":[{\"@type\":\"WebPage\",\"@id\":\"https:\\\/\\\/aitbabors.com\\\/?page_id=13\",\"url\":\"https:\\\/\\\/aitbabors.com\\\/?page_id=13\",\"name\":\"Le terroir - aitbabors.com\",\"isPartOf\":{\"@id\":\"https:\\\/\\\/aitbabors.com\\\/#website\"},\"primaryImageOfPage\":{\"@id\":\"https:\\\/\\\/aitbabors.com\\\/?page_id=13#primaryimage\"},\"image\":{\"@id\":\"https:\\\/\\\/aitbabors.com\\\/?page_id=13#primaryimage\"},\"thumbnailUrl\":\"http:\\\/\\\/aitbabors.com\\\/wp-content\\\/uploads\\\/2022\\\/12\\\/IMG_20220301_174525-scaled-e1670059107965-768x386.jpg\",\"datePublished\":\"2022-12-02T22:17:07+00:00\",\"dateModified\":\"2024-01-23T17:47:41+00:00\",\"breadcrumb\":{\"@id\":\"https:\\\/\\\/aitbabors.com\\\/?page_id=13#breadcrumb\"},\"inLanguage\":\"fr-FR\",\"potentialAction\":[{\"@type\":\"ReadAction\",\"target\":[\"https:\\\/\\\/aitbabors.com\\\/?page_id=13\"]}]},{\"@type\":\"ImageObject\",\"inLanguage\":\"fr-FR\",\"@id\":\"https:\\\/\\\/aitbabors.com\\\/?page_id=13#primaryimage\",\"url\":\"https:\\\/\\\/aitbabors.com\\\/wp-content\\\/uploads\\\/2022\\\/12\\\/IMG_20220301_174525-scaled-e1670059107965.jpg\",\"contentUrl\":\"https:\\\/\\\/aitbabors.com\\\/wp-content\\\/uploads\\\/2022\\\/12\\\/IMG_20220301_174525-scaled-e1670059107965.jpg\",\"width\":2560,\"height\":1286},{\"@type\":\"BreadcrumbList\",\"@id\":\"https:\\\/\\\/aitbabors.com\\\/?page_id=13#breadcrumb\",\"itemListElement\":[{\"@type\":\"ListItem\",\"position\":1,\"name\":\"Home\",\"item\":\"https:\\\/\\\/aitbabors.com\\\/\"},{\"@type\":\"ListItem\",\"position\":2,\"name\":\"Le terroir\"}]},{\"@type\":\"WebSite\",\"@id\":\"https:\\\/\\\/aitbabors.com\\\/#website\",\"url\":\"https:\\\/\\\/aitbabors.com\\\/\",\"name\":\"aitbabors.com\",\"description\":\"L&#039;huile d&#039;olive alg\u00e9rienne, kabyle et d&#039;exception\",\"publisher\":{\"@id\":\"https:\\\/\\\/aitbabors.com\\\/#organization\"},\"potentialAction\":[{\"@type\":\"SearchAction\",\"target\":{\"@type\":\"EntryPoint\",\"urlTemplate\":\"https:\\\/\\\/aitbabors.com\\\/?s={search_term_string}\"},\"query-input\":{\"@type\":\"PropertyValueSpecification\",\"valueRequired\":true,\"valueName\":\"search_term_string\"}}],\"inLanguage\":\"fr-FR\"},{\"@type\":\"Organization\",\"@id\":\"https:\\\/\\\/aitbabors.com\\\/#organization\",\"name\":\"aitbabors.com\",\"url\":\"https:\\\/\\\/aitbabors.com\\\/\",\"logo\":{\"@type\":\"ImageObject\",\"inLanguage\":\"fr-FR\",\"@id\":\"https:\\\/\\\/aitbabors.com\\\/#\\\/schema\\\/logo\\\/image\\\/\",\"url\":\"https:\\\/\\\/aitbabors.com\\\/wp-content\\\/uploads\\\/2022\\\/12\\\/logo-ait-babors-1-e1670021020616.png\",\"contentUrl\":\"https:\\\/\\\/aitbabors.com\\\/wp-content\\\/uploads\\\/2022\\\/12\\\/logo-ait-babors-1-e1670021020616.png\",\"width\":147,\"height\":37,\"caption\":\"aitbabors.com\"},\"image\":{\"@id\":\"https:\\\/\\\/aitbabors.com\\\/#\\\/schema\\\/logo\\\/image\\\/\"}}]}<\/script>\n<!-- \/ Yoast SEO plugin. -->","yoast_head_json":{"title":"Le terroir - aitbabors.com","robots":{"index":"index","follow":"follow","max-snippet":"max-snippet:-1","max-image-preview":"max-image-preview:large","max-video-preview":"max-video-preview:-1"},"canonical":"https:\/\/aitbabors.com\/?page_id=13","og_locale":"fr_FR","og_type":"article","og_title":"Le terroir - aitbabors.com","og_description":"Les Babors sont une chaine montagneuse situ\u00e9 dans la r\u00e9gion de \u201cPetite Kabylie\u201d en Alg\u00e9rie. Le mont culminant est Djebel Babor et culmine \u00e0\u00a0 2004 m\u00e8tres, il est le symbole de la r\u00e9gion et ressemble \u00e0 un bateau retourn\u00e9 d\u2019o\u00f9 son nom Babor qui signifie bateau. L\u2019arboriculture pr\u00e9cis\u00e9ment celle concernant les oliviers est une traditions [&hellip;]","og_url":"https:\/\/aitbabors.com\/?page_id=13","og_site_name":"aitbabors.com","article_modified_time":"2024-01-23T17:47:41+00:00","og_image":[{"url":"http:\/\/aitbabors.com\/wp-content\/uploads\/2022\/12\/IMG_20220301_174525-scaled-e1670059107965-768x386.jpg","type":"","width":"","height":""}],"twitter_card":"summary_large_image","twitter_misc":{"Dur\u00e9e de lecture estim\u00e9e":"1 minute"},"schema":{"@context":"https:\/\/schema.org","@graph":[{"@type":"WebPage","@id":"https:\/\/aitbabors.com\/?page_id=13","url":"https:\/\/aitbabors.com\/?page_id=13","name":"Le terroir - aitbabors.com","isPartOf":{"@id":"https:\/\/aitbabors.com\/#website"},"primaryImageOfPage":{"@id":"https:\/\/aitbabors.com\/?page_id=13#primaryimage"},"image":{"@id":"https:\/\/aitbabors.com\/?page_id=13#primaryimage"},"thumbnailUrl":"http:\/\/aitbabors.com\/wp-content\/uploads\/2022\/12\/IMG_20220301_174525-scaled-e1670059107965-768x386.jpg","datePublished":"2022-12-02T22:17:07+00:00","dateModified":"2024-01-23T17:47:41+00:00","breadcrumb":{"@id":"https:\/\/aitbabors.com\/?page_id=13#breadcrumb"},"inLanguage":"fr-FR","potentialAction":[{"@type":"ReadAction","target":["https:\/\/aitbabors.com\/?page_id=13"]}]},{"@type":"ImageObject","inLanguage":"fr-FR","@id":"https:\/\/aitbabors.com\/?page_id=13#primaryimage","url":"https:\/\/aitbabors.com\/wp-content\/uploads\/2022\/12\/IMG_20220301_174525-scaled-e1670059107965.jpg","contentUrl":"https:\/\/aitbabors.com\/wp-content\/uploads\/2022\/12\/IMG_20220301_174525-scaled-e1670059107965.jpg","width":2560,"height":1286},{"@type":"BreadcrumbList","@id":"https:\/\/aitbabors.com\/?page_id=13#breadcrumb","itemListElement":[{"@type":"ListItem","position":1,"name":"Home","item":"https:\/\/aitbabors.com\/"},{"@type":"ListItem","position":2,"name":"Le terroir"}]},{"@type":"WebSite","@id":"https:\/\/aitbabors.com\/#website","url":"https:\/\/aitbabors.com\/","name":"aitbabors.com","description":"L&#039;huile d&#039;olive alg\u00e9rienne, kabyle et d&#039;exception","publisher":{"@id":"https:\/\/aitbabors.com\/#organization"},"potentialAction":[{"@type":"SearchAction","target":{"@type":"EntryPoint","urlTemplate":"https:\/\/aitbabors.com\/?s={search_term_string}"},"query-input":{"@type":"PropertyValueSpecification","valueRequired":true,"valueName":"search_term_string"}}],"inLanguage":"fr-FR"},{"@type":"Organization","@id":"https:\/\/aitbabors.com\/#organization","name":"aitbabors.com","url":"https:\/\/aitbabors.com\/","logo":{"@type":"ImageObject","inLanguage":"fr-FR","@id":"https:\/\/aitbabors.com\/#\/schema\/logo\/image\/","url":"https:\/\/aitbabors.com\/wp-content\/uploads\/2022\/12\/logo-ait-babors-1-e1670021020616.png","contentUrl":"https:\/\/aitbabors.com\/wp-content\/uploads\/2022\/12\/logo-ait-babors-1-e1670021020616.png","width":147,"height":37,"caption":"aitbabors.com"},"image":{"@id":"https:\/\/aitbabors.com\/#\/schema\/logo\/image\/"}}]}},"_links":{"self":[{"href":"https:\/\/aitbabors.com\/index.php?rest_route=\/wp\/v2\/pages\/13","targetHints":{"allow":["GET"]}}],"collection":[{"href":"https:\/\/aitbabors.com\/index.php?rest_route=\/wp\/v2\/pages"}],"about":[{"href":"https:\/\/aitbabors.com\/index.php?rest_route=\/wp\/v2\/types\/page"}],"author":[{"embeddable":true,"href":"https:\/\/aitbabors.com\/index.php?rest_route=\/wp\/v2\/users\/1"}],"replies":[{"embeddable":true,"href":"https:\/\/aitbabors.com\/index.php?rest_route=%2Fwp%2Fv2%2Fcomments&post=13"}],"version-history":[{"count":19,"href":"https:\/\/aitbabors.com\/index.php?rest_route=\/wp\/v2\/pages\/13\/revisions"}],"predecessor-version":[{"id":311,"href":"https:\/\/aitbabors.com\/index.php?rest_route=\/wp\/v2\/pages\/13\/revisions\/311"}],"wp:attachment":[{"href":"https:\/\/aitbabors.com\/index.php?rest_route=%2Fwp%2Fv2%2Fmedia&parent=13"}],"curies":[{"name":"wp","href":"https:\/\/api.w.org\/{rel}","templated":true}]}}